{"id":2806,"date":"2020-01-19T21:24:17","date_gmt":"2020-01-19T21:24:17","guid":{"rendered":"https:\/\/automex.si\/?page_id=2806"},"modified":"2020-01-19T21:24:17","modified_gmt":"2020-01-19T21:24:17","slug":"auto-meccanica","status":"publish","type":"page","link":"https:\/\/automex.si\/it\/auto-meccanica\/","title":{"rendered":"Auto-meccanica"},"content":{"rendered":"<h4>REVISIONE OBBLIGATORIA<\/h4>\n<p>La revisione dell&#8217;auto \u00e8 una verifica delle condizioni del veicolo obbligatoria per legge. Tutti i mezzi circolanti su strada sono infatti tenuti a eseguire una revisione periodica, ossia un controllo del funzionamento delle diverse componenti e per testare la presenza di eventuali\u00a0 criticit\u00e0 nell&#8217;auto, affinch\u00e9 vengano rispettati precisi standard stabiliti in materia di sicurezza ed emissioni inquinanti.<\/p>\n<p>La revisione regolare, secondo le istruzioni del produttore, viene eseguita a 15000 km &#8211; 30000 km, o ad intervalli di un anno e comprende la sostituzione del:<\/p>\n<ul>\n<li>filtro olio e olio motore<\/li>\n<li>filtro carburante<\/li>\n<li>filtro aria<\/li>\n<li>filtro aria cabina<\/li>\n<\/ul>\n<p>Inoltre verifichiamo anche le condizioni dei freni, misuriamo attentamente la quantit\u00e0 e la qualit\u00e0 di altri fluidi (liquido dei freni, liquido di raffreddamento del motore<strong>,<\/strong> olio servosterzo, &#8230;) e la pressione dei pneumatici, controlliamo se le luci funzionano appropriatamente ed eseguiamo un test delle condizioni della batteria. Se vengono rilevate irregolarit\u00e0 ti contatteremo e consiglieremmo la sostituzione dei singoli componenti.<\/p>\n<p>Ogni revisione viene conclusa con il collegamento dell\u2019auto al tester diagnostico e il ripristino dell\u2019avvertenza e in fine con l\u2019inserizione dei dati nel libretto di manutenzione.<\/p>\n<div id='gallery-1' class='gallery galleryid-2806 gallery-columns-5 gallery-size-large'><figure class='gallery-item'>\n\t\t\t<div class='gallery-icon landscape'>\n\t\t\t\t<a href='https:\/\/automex.si\/wp-content\/uploads\/2018\/07\/auto-mex_053-1.jpg' title=\"\" data-rl_title=\"\" class=\"rl-gallery-link\" data-rl_caption=\"\" data-rel=\"lightbox-gallery-1\"><img loading=\"lazy\" decoding=\"async\" width=\"780\" height=\"520\" src=\"https:\/\/automex.si\/wp-content\/uploads\/2018\/07\/auto-mex_053-1-1024x683.jpg\" class=\"attachment-large size-large\" alt=\"\" srcset=\"https:\/\/automex.si\/wp-content\/uploads\/2018\/07\/auto-mex_053-1-1024x683.jpg 1024w, https:\/\/automex.si\/wp-content\/uploads\/2018\/07\/auto-mex_053-1-300x200.jpg 300w, https:\/\/automex.si\/wp-content\/uploads\/2018\/07\/auto-mex_053-1-768x512.jpg 768w, https:\/\/automex.si\/wp-content\/uploads\/2018\/07\/auto-mex_053-1-272x182.jpg 272w, https:\/\/automex.si\/wp-content\/uploads\/2018\/07\/auto-mex_053-1.jpg 1500w\" sizes=\"auto, (max-width: 780px) 100vw, 780px\" \/><\/a>\n\t\t\t<\/div><\/figure><figure class='gallery-item'>\n\t\t\t<div class='gallery-icon landscape'>\n\t\t\t\t<a href='https:\/\/automex.si\/wp-content\/uploads\/2018\/07\/auto-mex_055.jpg' title=\"\" data-rl_title=\"\" class=\"rl-gallery-link\" data-rl_caption=\"\" data-rel=\"lightbox-gallery-1\"><img loading=\"lazy\" decoding=\"async\" width=\"780\" height=\"520\" src=\"https:\/\/automex.si\/wp-content\/uploads\/2018\/07\/auto-mex_055-1024x683.jpg\" class=\"attachment-large size-large\" alt=\"\" srcset=\"https:\/\/automex.si\/wp-content\/uploads\/2018\/07\/auto-mex_055-1024x683.jpg 1024w, https:\/\/automex.si\/wp-content\/uploads\/2018\/07\/auto-mex_055-300x200.jpg 300w, https:\/\/automex.si\/wp-content\/uploads\/2018\/07\/auto-mex_055-768x512.jpg 768w, https:\/\/automex.si\/wp-content\/uploads\/2018\/07\/auto-mex_055-272x182.jpg 272w, https:\/\/automex.si\/wp-content\/uploads\/2018\/07\/auto-mex_055.jpg 1500w\" sizes=\"auto, (max-width: 780px) 100vw, 780px\" \/><\/a>\n\t\t\t<\/div><\/figure><figure class='gallery-item'>\n\t\t\t<div class='gallery-icon landscape'>\n\t\t\t\t<a href='https:\/\/automex.si\/wp-content\/uploads\/2018\/07\/auto-mex_057.jpg' title=\"\" data-rl_title=\"\" class=\"rl-gallery-link\" data-rl_caption=\"\" data-rel=\"lightbox-gallery-1\"><img loading=\"lazy\" decoding=\"async\" width=\"780\" height=\"520\" src=\"https:\/\/automex.si\/wp-content\/uploads\/2018\/07\/auto-mex_057-1024x683.jpg\" class=\"attachment-large size-large\" alt=\"\" srcset=\"https:\/\/automex.si\/wp-content\/uploads\/2018\/07\/auto-mex_057-1024x683.jpg 1024w, https:\/\/automex.si\/wp-content\/uploads\/2018\/07\/auto-mex_057-300x200.jpg 300w, https:\/\/automex.si\/wp-content\/uploads\/2018\/07\/auto-mex_057-768x512.jpg 768w, https:\/\/automex.si\/wp-content\/uploads\/2018\/07\/auto-mex_057-272x182.jpg 272w, https:\/\/automex.si\/wp-content\/uploads\/2018\/07\/auto-mex_057.jpg 1500w\" sizes=\"auto, (max-width: 780px) 100vw, 780px\" \/><\/a>\n\t\t\t<\/div><\/figure><figure class='gallery-item'>\n\t\t\t<div class='gallery-icon landscape'>\n\t\t\t\t<a href='https:\/\/automex.si\/wp-content\/uploads\/2018\/07\/auto-mex_081.jpg' title=\"\" data-rl_title=\"\" class=\"rl-gallery-link\" data-rl_caption=\"\" data-rel=\"lightbox-gallery-1\"><img loading=\"lazy\" decoding=\"async\" width=\"780\" height=\"520\" src=\"https:\/\/automex.si\/wp-content\/uploads\/2018\/07\/auto-mex_081-1024x683.jpg\" class=\"attachment-large size-large\" alt=\"\" srcset=\"https:\/\/automex.si\/wp-content\/uploads\/2018\/07\/auto-mex_081-1024x683.jpg 1024w, https:\/\/automex.si\/wp-content\/uploads\/2018\/07\/auto-mex_081-300x200.jpg 300w, https:\/\/automex.si\/wp-content\/uploads\/2018\/07\/auto-mex_081-768x512.jpg 768w, https:\/\/automex.si\/wp-content\/uploads\/2018\/07\/auto-mex_081-272x182.jpg 272w, https:\/\/automex.si\/wp-content\/uploads\/2018\/07\/auto-mex_081.jpg 1500w\" sizes=\"auto, (max-width: 780px) 100vw, 780px\" \/><\/a>\n\t\t\t<\/div><\/figure><figure class='gallery-item'>\n\t\t\t<div class='gallery-icon landscape'>\n\t\t\t\t<a href='https:\/\/automex.si\/wp-content\/uploads\/2018\/07\/auto-mex_062.jpg' title=\"\" data-rl_title=\"\" class=\"rl-gallery-link\" data-rl_caption=\"\" data-rel=\"lightbox-gallery-1\"><img loading=\"lazy\" decoding=\"async\" width=\"780\" height=\"520\" src=\"https:\/\/automex.si\/wp-content\/uploads\/2018\/07\/auto-mex_062-1024x683.jpg\" class=\"attachment-large size-large\" alt=\"\" srcset=\"https:\/\/automex.si\/wp-content\/uploads\/2018\/07\/auto-mex_062-1024x683.jpg 1024w, https:\/\/automex.si\/wp-content\/uploads\/2018\/07\/auto-mex_062-300x200.jpg 300w, https:\/\/automex.si\/wp-content\/uploads\/2018\/07\/auto-mex_062-768x512.jpg 768w, https:\/\/automex.si\/wp-content\/uploads\/2018\/07\/auto-mex_062-272x182.jpg 272w, https:\/\/automex.si\/wp-content\/uploads\/2018\/07\/auto-mex_062.jpg 1500w\" sizes=\"auto, (max-width: 780px) 100vw, 780px\" \/><\/a>\n\t\t\t<\/div><\/figure>\n\t\t<\/div>\n\n<p>&nbsp;<\/p>\n<h4>I FRENI<\/h4>\n<p>Il sistema frenante \u00e8 uno dei principali elementi di sicurezza attiva del veicolo. Tra i vari componenti che lo costituiscono (pinze freno, dischi, pastiglie, tubi, cilindretti freno, pompa freno, liquido freni, ecc.) tutti richiedono una manutenzione, e sostituzione, periodica perch\u00e9 soggetti a usura. Installiamo solo componenti\/pezzi di marchi affidabili. Nel caso in cui le componenti non necessitano ancora la sostituzione ti informiamo a riguardo le loro condizioni e il tempo\/chilometri che segnalano il momento della sostituzione.<\/p>\n<div id='gallery-2' class='gallery galleryid-2806 gallery-columns-4 gallery-size-medium'><figure class='gallery-item'>\n\t\t\t<div class='gallery-icon landscape'>\n\t\t\t\t<a href='https:\/\/automex.si\/wp-content\/uploads\/2018\/07\/auto-mex_177.jpg' title=\"\" data-rl_title=\"\" class=\"rl-gallery-link\" data-rl_caption=\"\" data-rel=\"lightbox-gallery-2\"><img loading=\"lazy\" decoding=\"async\" width=\"300\" height=\"200\" src=\"https:\/\/automex.si\/wp-content\/uploads\/2018\/07\/auto-mex_177-300x200.jpg\" class=\"attachment-medium size-medium\" alt=\"\" srcset=\"https:\/\/automex.si\/wp-content\/uploads\/2018\/07\/auto-mex_177-300x200.jpg 300w, https:\/\/automex.si\/wp-content\/uploads\/2018\/07\/auto-mex_177-768x512.jpg 768w, https:\/\/automex.si\/wp-content\/uploads\/2018\/07\/auto-mex_177-1024x683.jpg 1024w, https:\/\/automex.si\/wp-content\/uploads\/2018\/07\/auto-mex_177-272x182.jpg 272w, https:\/\/automex.si\/wp-content\/uploads\/2018\/07\/auto-mex_177.jpg 1500w\" sizes=\"auto, (max-width: 300px) 100vw, 300px\" \/><\/a>\n\t\t\t<\/div><\/figure><figure class='gallery-item'>\n\t\t\t<div class='gallery-icon landscape'>\n\t\t\t\t<a href='https:\/\/automex.si\/wp-content\/uploads\/2018\/07\/auto-mex_051.jpg' title=\"\" data-rl_title=\"\" class=\"rl-gallery-link\" data-rl_caption=\"\" data-rel=\"lightbox-gallery-2\"><img loading=\"lazy\" decoding=\"async\" width=\"300\" height=\"200\" src=\"https:\/\/automex.si\/wp-content\/uploads\/2018\/07\/auto-mex_051-300x200.jpg\" class=\"attachment-medium size-medium\" alt=\"\" srcset=\"https:\/\/automex.si\/wp-content\/uploads\/2018\/07\/auto-mex_051-300x200.jpg 300w, https:\/\/automex.si\/wp-content\/uploads\/2018\/07\/auto-mex_051-768x512.jpg 768w, https:\/\/automex.si\/wp-content\/uploads\/2018\/07\/auto-mex_051-1024x683.jpg 1024w, https:\/\/automex.si\/wp-content\/uploads\/2018\/07\/auto-mex_051-272x182.jpg 272w, https:\/\/automex.si\/wp-content\/uploads\/2018\/07\/auto-mex_051.jpg 1500w\" sizes=\"auto, (max-width: 300px) 100vw, 300px\" \/><\/a>\n\t\t\t<\/div><\/figure>\n\t\t<\/div>\n\n<p>&nbsp;<\/p>\n<h4>SISTEMA MOTOPROPULSIONE<\/h4>\n<p>Per una lunga durata del sistema motopropulsione \u00e8 cruciale la manutenzione\/revisione regolare della vettura. Da noi eseguiamo un test prova di funzionamento ad ogni revisione con strumenti diagnostici che possono rivelare precoci deviazioni dal normale funzionamento le quali ci aiutano a trovare la causa prima che si verifichino gravi guasti.<\/p>\n<p>Ecco alcuni suggerimenti per far funzionare in modo ottimale il sistema propulsione:<\/p>\n<ul>\n<li>quando si avvia il motore, prima di partire aspettare che si riscaldi un&#8217;p\u00f2<\/li>\n<li>se il sistema propulsione \u00e8 stato sottoposto a un eccedenza, aspettare che si raffreddi prima di spegnere il motore<\/li>\n<li>utilizzate sempre l&#8217;olio motore prescritto\/specificato dal produttore<\/li>\n<li>evitate forti accelerazioni a basse prestazioni, quando non necessario<\/li>\n<li>se il suono del sistema propulsione in qualsiasi modo sembra diverso del solito, non esitate a visitare la nostra autofficina, anche se l&#8217;allarmante spia non si \u00e8 ancora accesa.<\/li>\n<li>cambiando la marcia adeguatamente: per il motore diesel tra 1200 e2200 giri al minuto, per il motore a benzina tra 1700 e 2700 giri al minuto<\/li>\n<\/ul>\n<div id=\"nxs-content\" class=\"nxs-sitewide-element nxs-widescreen nxs-colorzen nxs-colorzen-base1 nxs-linkcolorvar nxs-linkcolorvar-c12-m nxs-padding-top-1-5 nxs-padding-bottom-1-0 \">\n<div id=\"nxs-content-container\" class=\"nxs-containsimmediatehovermenu has-no-sidebar\">\n<div class=\"nxs-article-container nxs-widgets-editable nxs-elements-container nxs-post-1144 \">\n<div class=\"nxs-postrows ui-sortable\">\n<div id=\"nxs-pagerow-prid1690631660\" class=\"nxs-row nxs-not-unistyled nxs-rowtemplate-141214 nxs-exceptional-responsive-row \">\n<div class=\"nxs-row-container nxs-containsimmediatehovermenu nxs-row1\">\n<div class=\"ABC nxs-height100 nxs-border-radius-1-0 \">\n<div class=\"XYZ nxs-valign-middle \">\n<div class=\"nxs-placeholder-content-wrap nxs-crop \">\n<div id=\"nxs-widget-b6094381239\" class=\"nxs-widget nxs-widget-b6094381239 nxs-text \">\n<div class=\"nxs-default-p nxs-applylinkvarcolor nxs-padding-bottom0 nxs-align-left nxs-heightiq nxs-heightiq-p1-text \">\n<div id='gallery-3' class='gallery galleryid-2806 gallery-columns-4 gallery-size-medium'><figure class='gallery-item'>\n\t\t\t<div class='gallery-icon landscape'>\n\t\t\t\t<a href='https:\/\/automex.si\/wp-content\/uploads\/2018\/07\/auto-mex_034.jpg' title=\"\" data-rl_title=\"\" class=\"rl-gallery-link\" data-rl_caption=\"\" data-rel=\"lightbox-gallery-3\"><img loading=\"lazy\" decoding=\"async\" width=\"300\" height=\"200\" src=\"https:\/\/automex.si\/wp-content\/uploads\/2018\/07\/auto-mex_034-300x200.jpg\" class=\"attachment-medium size-medium\" alt=\"\" srcset=\"https:\/\/automex.si\/wp-content\/uploads\/2018\/07\/auto-mex_034-300x200.jpg 300w, https:\/\/automex.si\/wp-content\/uploads\/2018\/07\/auto-mex_034-768x512.jpg 768w, https:\/\/automex.si\/wp-content\/uploads\/2018\/07\/auto-mex_034-1024x683.jpg 1024w, https:\/\/automex.si\/wp-content\/uploads\/2018\/07\/auto-mex_034-272x182.jpg 272w, https:\/\/automex.si\/wp-content\/uploads\/2018\/07\/auto-mex_034.jpg 1500w\" sizes=\"auto, (max-width: 300px) 100vw, 300px\" \/><\/a>\n\t\t\t<\/div><\/figure><figure class='gallery-item'>\n\t\t\t<div class='gallery-icon landscape'>\n\t\t\t\t<a href='https:\/\/automex.si\/wp-content\/uploads\/2018\/07\/auto-mex_079.jpg' title=\"\" data-rl_title=\"\" class=\"rl-gallery-link\" data-rl_caption=\"\" data-rel=\"lightbox-gallery-3\"><img loading=\"lazy\" decoding=\"async\" width=\"300\" height=\"200\" src=\"https:\/\/automex.si\/wp-content\/uploads\/2018\/07\/auto-mex_079-300x200.jpg\" class=\"attachment-medium size-medium\" alt=\"\" srcset=\"https:\/\/automex.si\/wp-content\/uploads\/2018\/07\/auto-mex_079-300x200.jpg 300w, https:\/\/automex.si\/wp-content\/uploads\/2018\/07\/auto-mex_079-768x512.jpg 768w, https:\/\/automex.si\/wp-content\/uploads\/2018\/07\/auto-mex_079-1024x683.jpg 1024w, https:\/\/automex.si\/wp-content\/uploads\/2018\/07\/auto-mex_079-272x182.jpg 272w, https:\/\/automex.si\/wp-content\/uploads\/2018\/07\/auto-mex_079.jpg 1500w\" sizes=\"auto, (max-width: 300px) 100vw, 300px\" \/><\/a>\n\t\t\t<\/div><\/figure>\n\t\t<\/div>\n\n<p>&nbsp;<\/p>\n<\/div>\n<h4>RIPARAZIONE DEI CAMBI AUTOMATICI E MANUALI<\/h4>\n<p>Negli ultimi anni anche il mercato sloveno \u00e8 stato invaso da autovetture con cambio automatico. Molte persone preferiscono guidare la macchina con cambio automatico, pi\u00f9 semplice rispetto alla guida con cambio tradizionale. La guida con il cambio automatico \u00e8 quindi molto semplice. Il cambio automatico offre anche una maggior sicurezza, perch\u00e9 il conducente non ha mai bisogno di staccare le mani dal volante mentre sta guidando per cambiare la marcia, concentrandosi maggiormente senza distogliere lo sguardo dalla strada.<\/p>\n<p>La differenza pi\u00f9 evidente con il cambio manuale \u00e8 sicuramente l&#8217;assenza della frizione.<\/p>\n<p>Vi sono po\u00ec altre differenze economiche e prestazionali: il cambio tradizionale costa meno sia per quanto riguarda l\u2019acquisto che per la manutenzione. Il cambio automatico richiede una manutenzione regolare e professionale. La manutenzione di esso comprende cambi del olio e del filtro (circa a 60000-120000 miglia ciascuno, a seconda delle istruzioni del produttore).<\/p>\n<p>Il nostro team dotato di tecnici e ingegneri specializzati in questo campo far\u00e0 a modo che il vostro cambio automatico funzionera\u00e0 a lungo senza guasti. Se invece vi siete accorti che qualcosa non funziona bene non preoccupatevi, tuttavia nella nostra officina abbiamo a disposizione un gran numero di pezzi di ricambi e offriamo anche riparazioni dei comandi TCM per Audi, VW, Seat, Skoda, BMW e Mercedes-Benz.<\/p>\n<p>&nbsp;<\/p>\n<div id='gallery-4' class='gallery galleryid-2806 gallery-columns-5 gallery-size-medium'><figure class='gallery-item'>\n\t\t\t<div class='gallery-icon portrait'>\n\t\t\t\t<a href='https:\/\/automex.si\/wp-content\/uploads\/2018\/07\/DSC06972.jpg' title=\"\" data-rl_title=\"\" class=\"rl-gallery-link\" data-rl_caption=\"\" data-rel=\"lightbox-gallery-4\"><img loading=\"lazy\" decoding=\"async\" width=\"225\" height=\"300\" src=\"https:\/\/automex.si\/wp-content\/uploads\/2018\/07\/DSC06972-225x300.jpg\" class=\"attachment-medium size-medium\" alt=\"\" srcset=\"https:\/\/automex.si\/wp-content\/uploads\/2018\/07\/DSC06972-225x300.jpg 225w, https:\/\/automex.si\/wp-content\/uploads\/2018\/07\/DSC06972.jpg 750w\" sizes=\"auto, (max-width: 225px) 100vw, 225px\" \/><\/a>\n\t\t\t<\/div><\/figure><figure class='gallery-item'>\n\t\t\t<div class='gallery-icon landscape'>\n\t\t\t\t<a href='https:\/\/automex.si\/wp-content\/uploads\/2018\/07\/DSC06967.jpg' title=\"\" data-rl_title=\"\" class=\"rl-gallery-link\" data-rl_caption=\"\" data-rel=\"lightbox-gallery-4\"><img loading=\"lazy\" decoding=\"async\" width=\"300\" height=\"225\" src=\"https:\/\/automex.si\/wp-content\/uploads\/2018\/07\/DSC06967-300x225.jpg\" class=\"attachment-medium size-medium\" alt=\"\" srcset=\"https:\/\/automex.si\/wp-content\/uploads\/2018\/07\/DSC06967-300x225.jpg 300w, https:\/\/automex.si\/wp-content\/uploads\/2018\/07\/DSC06967-768x576.jpg 768w, https:\/\/automex.si\/wp-content\/uploads\/2018\/07\/DSC06967-1024x768.jpg 1024w, https:\/\/automex.si\/wp-content\/uploads\/2018\/07\/DSC06967.jpg 1333w\" sizes=\"auto, (max-width: 300px) 100vw, 300px\" \/><\/a>\n\t\t\t<\/div><\/figure>\n\t\t<\/div>\n\n<p>&nbsp;<\/p>\n<\/div>\n<\/div>\n<\/div>\n<\/div>\n<\/div>\n<h4 class=\"nxs-title nxs-align-center nxs-head-fontsize-2-0 nxs-head-fontsize-2-0 nxs-heightiq nxs-heightiq-p1-title \">CATENA DI DISTRIBUZIONE\/TRASMISSIONE<\/h4>\n<div class=\"nxs-default-p nxs-applylinkvarcolor nxs-padding-bottom0 nxs-align-left nxs-heightiq nxs-heightiq-p1-text \">\n<p>La catena di distribuzione \u00e8 una componente fondamentale delle nostre autovetture. Come tutte, \u00e8 soggetta ad usura e, nel caso si rompa, rischiamo guai seri. Essa f\u00e0 parte di un gruppo di elementi (tenditore, guarnizioni e diversi dadi) che hanno lo scopo di sincronizzare tutte le altre parti del motore. Sul libretto di circolazione del veicolo \u00e8 indicato quando sostituire la catena di distribuzione. Solitamente questa operazione va effettuata dopo che l\u2019auto ha raggiunto un determinato chilometraggio (circa ogni 150.000 miglia o pi\u00f9). Quando bisogna sostituire la catena di distribuzione, \u00e8 opportuno procedere alla sostituzione anche della pompa dell&#8217;acqua, dal momento che i due elementi lavorano insieme.<\/p>\n<\/div>\n<\/div>\n<\/div>\n<\/div>\n<\/div>\n<\/div>\n","protected":false},"excerpt":{"rendered":"<p>REVISIONE OBBLIGATORIA La revisione dell&#8217;auto \u00e8 una verifica delle condizioni del veicolo obbligatoria per legge. Tutti i mezzi circolanti su [&hellip;]<\/p>\n","protected":false},"author":1,"featured_media":0,"parent":0,"menu_order":0,"comment_status":"closed","ping_status":"closed","template":"","meta":{"footnotes":""},"class_list":["post-2806","page","type-page","status-publish","hentry"],"yoast_head":"<!-- This site is optimized with the Yoast SEO plugin v27.2 - https:\/\/yoast.com\/product\/yoast-seo-wordpress\/ -->\n<title>Auto-meccanica - AUTOMEX<\/title>\n<meta name=\"robots\" content=\"index, follow, max-snippet:-1, max-image-preview:large, max-video-preview:-1\" \/>\n<link rel=\"canonical\" href=\"https:\/\/automex.si\/avtomehanika\/\" \/>\n<meta property=\"og:locale\" content=\"it_IT\" \/>\n<meta property=\"og:type\" content=\"article\" \/>\n<meta property=\"og:title\" content=\"Auto-meccanica - AUTOMEX\" \/>\n<meta property=\"og:description\" content=\"REVISIONE OBBLIGATORIA La revisione dell&#8217;auto \u00e8 una verifica delle condizioni del veicolo obbligatoria per legge. Tutti i mezzi circolanti su [&hellip;]\" \/>\n<meta property=\"og:url\" content=\"https:\/\/automex.si\/avtomehanika\/\" \/>\n<meta property=\"og:site_name\" content=\"AUTOMEX\" \/>\n<meta property=\"og:image\" content=\"https:\/\/automex.si\/wp-content\/uploads\/2018\/07\/auto-mex_053-1-1024x683.jpg\" \/>\n<meta name=\"twitter:card\" content=\"summary_large_image\" \/>\n<meta name=\"twitter:label1\" content=\"Tempo di lettura stimato\" \/>\n\t<meta name=\"twitter:data1\" content=\"4 minuti\" \/>\n<script type=\"application\/ld+json\" class=\"yoast-schema-graph\">{\"@context\":\"https:\/\/schema.org\",\"@graph\":[{\"@type\":\"WebPage\",\"@id\":\"https:\/\/automex.si\/avtomehanika\/\",\"url\":\"https:\/\/automex.si\/avtomehanika\/\",\"name\":\"Auto-meccanica - AUTOMEX\",\"isPartOf\":{\"@id\":\"https:\/\/automex.si\/#website\"},\"datePublished\":\"2020-01-19T21:24:17+00:00\",\"breadcrumb\":{\"@id\":\"https:\/\/automex.si\/avtomehanika\/#breadcrumb\"},\"inLanguage\":\"it-IT\",\"potentialAction\":[{\"@type\":\"ReadAction\",\"target\":[\"https:\/\/automex.si\/avtomehanika\/\"]}]},{\"@type\":\"BreadcrumbList\",\"@id\":\"https:\/\/automex.si\/avtomehanika\/#breadcrumb\",\"itemListElement\":[{\"@type\":\"ListItem\",\"position\":1,\"name\":\"Home\",\"item\":\"https:\/\/automex.si\/\"},{\"@type\":\"ListItem\",\"position\":2,\"name\":\"Auto-meccanica\"}]},{\"@type\":\"WebSite\",\"@id\":\"https:\/\/automex.si\/#website\",\"url\":\"https:\/\/automex.si\/\",\"name\":\"AUTOMEX\",\"description\":\"Avtoservis\",\"publisher\":{\"@id\":\"https:\/\/automex.si\/#organization\"},\"potentialAction\":[{\"@type\":\"SearchAction\",\"target\":{\"@type\":\"EntryPoint\",\"urlTemplate\":\"https:\/\/automex.si\/?s={search_term_string}\"},\"query-input\":{\"@type\":\"PropertyValueSpecification\",\"valueRequired\":true,\"valueName\":\"search_term_string\"}}],\"inLanguage\":\"it-IT\"},{\"@type\":\"Organization\",\"@id\":\"https:\/\/automex.si\/#organization\",\"name\":\"AUTOMEX\",\"url\":\"https:\/\/automex.si\/\",\"logo\":{\"@type\":\"ImageObject\",\"inLanguage\":\"it-IT\",\"@id\":\"https:\/\/automex.si\/#\/schema\/logo\/image\/\",\"url\":\"https:\/\/automex.si\/wp-content\/uploads\/2018\/02\/logo_spletna_stran1.png\",\"contentUrl\":\"https:\/\/automex.si\/wp-content\/uploads\/2018\/02\/logo_spletna_stran1.png\",\"width\":200,\"height\":64,\"caption\":\"AUTOMEX\"},\"image\":{\"@id\":\"https:\/\/automex.si\/#\/schema\/logo\/image\/\"}}]}<\/script>\n<!-- \/ Yoast SEO plugin. -->","yoast_head_json":{"title":"Auto-meccanica - AUTOMEX","robots":{"index":"index","follow":"follow","max-snippet":"max-snippet:-1","max-image-preview":"max-image-preview:large","max-video-preview":"max-video-preview:-1"},"canonical":"https:\/\/automex.si\/avtomehanika\/","og_locale":"it_IT","og_type":"article","og_title":"Auto-meccanica - AUTOMEX","og_description":"REVISIONE OBBLIGATORIA La revisione dell&#8217;auto \u00e8 una verifica delle condizioni del veicolo obbligatoria per legge. Tutti i mezzi circolanti su [&hellip;]","og_url":"https:\/\/automex.si\/avtomehanika\/","og_site_name":"AUTOMEX","og_image":[{"url":"https:\/\/automex.si\/wp-content\/uploads\/2018\/07\/auto-mex_053-1-1024x683.jpg","type":"","width":"","height":""}],"twitter_card":"summary_large_image","twitter_misc":{"Tempo di lettura stimato":"4 minuti"},"schema":{"@context":"https:\/\/schema.org","@graph":[{"@type":"WebPage","@id":"https:\/\/automex.si\/avtomehanika\/","url":"https:\/\/automex.si\/avtomehanika\/","name":"Auto-meccanica - AUTOMEX","isPartOf":{"@id":"https:\/\/automex.si\/#website"},"datePublished":"2020-01-19T21:24:17+00:00","breadcrumb":{"@id":"https:\/\/automex.si\/avtomehanika\/#breadcrumb"},"inLanguage":"it-IT","potentialAction":[{"@type":"ReadAction","target":["https:\/\/automex.si\/avtomehanika\/"]}]},{"@type":"BreadcrumbList","@id":"https:\/\/automex.si\/avtomehanika\/#breadcrumb","itemListElement":[{"@type":"ListItem","position":1,"name":"Home","item":"https:\/\/automex.si\/"},{"@type":"ListItem","position":2,"name":"Auto-meccanica"}]},{"@type":"WebSite","@id":"https:\/\/automex.si\/#website","url":"https:\/\/automex.si\/","name":"AUTOMEX","description":"Avtoservis","publisher":{"@id":"https:\/\/automex.si\/#organization"},"potentialAction":[{"@type":"SearchAction","target":{"@type":"EntryPoint","urlTemplate":"https:\/\/automex.si\/?s={search_term_string}"},"query-input":{"@type":"PropertyValueSpecification","valueRequired":true,"valueName":"search_term_string"}}],"inLanguage":"it-IT"},{"@type":"Organization","@id":"https:\/\/automex.si\/#organization","name":"AUTOMEX","url":"https:\/\/automex.si\/","logo":{"@type":"ImageObject","inLanguage":"it-IT","@id":"https:\/\/automex.si\/#\/schema\/logo\/image\/","url":"https:\/\/automex.si\/wp-content\/uploads\/2018\/02\/logo_spletna_stran1.png","contentUrl":"https:\/\/automex.si\/wp-content\/uploads\/2018\/02\/logo_spletna_stran1.png","width":200,"height":64,"caption":"AUTOMEX"},"image":{"@id":"https:\/\/automex.si\/#\/schema\/logo\/image\/"}}]}},"_links":{"self":[{"href":"https:\/\/automex.si\/it\/wp-json\/wp\/v2\/pages\/2806","targetHints":{"allow":["GET"]}}],"collection":[{"href":"https:\/\/automex.si\/it\/wp-json\/wp\/v2\/pages"}],"about":[{"href":"https:\/\/automex.si\/it\/wp-json\/wp\/v2\/types\/page"}],"author":[{"embeddable":true,"href":"https:\/\/automex.si\/it\/wp-json\/wp\/v2\/users\/1"}],"replies":[{"embeddable":true,"href":"https:\/\/automex.si\/it\/wp-json\/wp\/v2\/comments?post=2806"}],"version-history":[{"count":2,"href":"https:\/\/automex.si\/it\/wp-json\/wp\/v2\/pages\/2806\/revisions"}],"predecessor-version":[{"id":2808,"href":"https:\/\/automex.si\/it\/wp-json\/wp\/v2\/pages\/2806\/revisions\/2808"}],"wp:attachment":[{"href":"https:\/\/automex.si\/it\/wp-json\/wp\/v2\/media?parent=2806"}],"curies":[{"name":"wp","href":"https:\/\/api.w.org\/{rel}","templated":true}]}}