{"id":2809,"date":"2020-01-19T21:25:13","date_gmt":"2020-01-19T21:25:13","guid":{"rendered":"https:\/\/automex.si\/?page_id=2809"},"modified":"2020-01-19T21:25:13","modified_gmt":"2020-01-19T21:25:13","slug":"eletrautto","status":"publish","type":"page","link":"https:\/\/automex.si\/it\/eletrautto\/","title":{"rendered":"Eletrautto"},"content":{"rendered":"<div id=\"pl-1973\" class=\"panel-layout\">\n<div id=\"pg-1973-0\" class=\"panel-grid panel-no-style\" data-style=\"{&quot;background_image_attachment&quot;:false,&quot;background_display&quot;:&quot;tile&quot;,&quot;cell_alignment&quot;:&quot;flex-start&quot;}\" data-ratio=\"1\" data-ratio-direction=\"right\">\n<div id=\"pgc-1973-0-0\" class=\"panel-grid-cell\" data-weight=\"0.33333333333333\">\n<div id=\"panel-1973-0-0-0\" class=\"so-panel widget widget_text panel-first-child panel-last-child\" data-index=\"0\" data-style=\"{&quot;background_image_attachment&quot;:false,&quot;background_display&quot;:&quot;tile&quot;}\">\n<div class=\"textwidget\">\n<div id=\"nxs-pagerow-prid1103967999\" class=\"nxs-row nxs-not-unistyled nxs-rowtemplate-1212 \">\n<div class=\"nxs-row-container nxs-containsimmediatehovermenu nxs-row1\">\n<div class=\"ABC nxs-height100 nxs-border-radius-1-0 \">\n<div class=\"XYZ nxs-valign-middle \">\n<div class=\"nxs-placeholder-content-wrap nxs-crop \">\n<div id=\"nxs-widget-b1287088333\" class=\"nxs-widget nxs-widget-b1287088333 nxs-text \">\n<div class=\"top-wrapper nxs-border-width-1-0 nxs-colorzen nxs-colorzen-c32-dm nxs-padding-0-0 \">\n<div class=\"nxs-table\">\n<p>Dalla centralina all&#8217;alternatore, passando per i pi\u00f9 piccoli dettagli, il servizio elettrauto mira a risolvere ogni problematica, siccome da un&#8217;accurata diagnosi elettrica,\u00a0\u00e8 possibile risalire alle cause di qualsiasi malfunzionamento immediatamente e con efficacia. La ditta AUTO-MEX d.o.o. gi\u00e0 da pi\u00f9 di 20 anni si occupa della diagnosticazione di malfunzionamenti e guasti che riguardano l&#8217;impianto elettrico di un veicolo. Grazie a strumenti di diagnosi per lo pi\u00f9 informatizzati, individuiamo le origini del guasto.<\/p>\n<p>Tra i normali lavori di manutenzione dell\u2019auto c\u2019\u00e8 la ricarica clima auto. Prima dell&#8217;estate e consigliato effettuare la ricarica dell&#8217;aria condizionata, perci\u00f2 non esitate a visitare la nostra autofficina prima di andare in vacanze.<\/p>\n<div id='gallery-1' class='gallery galleryid-2809 gallery-columns-4 gallery-size-medium'><figure class='gallery-item'>\n\t\t\t<div class='gallery-icon landscape'>\n\t\t\t\t<a href='https:\/\/automex.si\/wp-content\/uploads\/2018\/07\/auto-mex_015.jpg' title=\"\" data-rl_title=\"\" class=\"rl-gallery-link\" data-rl_caption=\"\" data-rel=\"lightbox-gallery-1\"><img loading=\"lazy\" decoding=\"async\" width=\"300\" height=\"200\" src=\"https:\/\/automex.si\/wp-content\/uploads\/2018\/07\/auto-mex_015-300x200.jpg\" class=\"attachment-medium size-medium\" alt=\"\" srcset=\"https:\/\/automex.si\/wp-content\/uploads\/2018\/07\/auto-mex_015-300x200.jpg 300w, https:\/\/automex.si\/wp-content\/uploads\/2018\/07\/auto-mex_015-768x512.jpg 768w, https:\/\/automex.si\/wp-content\/uploads\/2018\/07\/auto-mex_015-1024x683.jpg 1024w, https:\/\/automex.si\/wp-content\/uploads\/2018\/07\/auto-mex_015-272x182.jpg 272w, https:\/\/automex.si\/wp-content\/uploads\/2018\/07\/auto-mex_015.jpg 1500w\" sizes=\"auto, (max-width: 300px) 100vw, 300px\" \/><\/a>\n\t\t\t<\/div><\/figure><figure class='gallery-item'>\n\t\t\t<div class='gallery-icon landscape'>\n\t\t\t\t<a href='https:\/\/automex.si\/wp-content\/uploads\/2018\/07\/auto-mex_018.jpg' title=\"\" data-rl_title=\"\" class=\"rl-gallery-link\" data-rl_caption=\"\" data-rel=\"lightbox-gallery-1\"><img loading=\"lazy\" decoding=\"async\" width=\"300\" height=\"200\" src=\"https:\/\/automex.si\/wp-content\/uploads\/2018\/07\/auto-mex_018-300x200.jpg\" class=\"attachment-medium size-medium\" alt=\"\" srcset=\"https:\/\/automex.si\/wp-content\/uploads\/2018\/07\/auto-mex_018-300x200.jpg 300w, https:\/\/automex.si\/wp-content\/uploads\/2018\/07\/auto-mex_018-768x512.jpg 768w, https:\/\/automex.si\/wp-content\/uploads\/2018\/07\/auto-mex_018-1024x683.jpg 1024w, https:\/\/automex.si\/wp-content\/uploads\/2018\/07\/auto-mex_018-272x182.jpg 272w, https:\/\/automex.si\/wp-content\/uploads\/2018\/07\/auto-mex_018.jpg 1500w\" sizes=\"auto, (max-width: 300px) 100vw, 300px\" \/><\/a>\n\t\t\t<\/div><\/figure>\n\t\t<\/div>\n\n<\/div>\n<\/div>\n<\/div>\n<\/div>\n<\/div>\n<\/div>\n<\/div>\n<\/div>\n<\/div>\n<\/div>\n<\/div>\n<\/div>\n<\/div>\n","protected":false},"excerpt":{"rendered":"<p>Dalla centralina all&#8217;alternatore, passando per i pi\u00f9 piccoli dettagli, il servizio elettrauto mira a risolvere ogni problematica, siccome da un&#8217;accurata [&hellip;]<\/p>\n","protected":false},"author":1,"featured_media":0,"parent":0,"menu_order":0,"comment_status":"closed","ping_status":"closed","template":"","meta":{"footnotes":""},"class_list":["post-2809","page","type-page","status-publish","hentry"],"yoast_head":"<!-- This site is optimized with the Yoast SEO plugin v27.2 - https:\/\/yoast.com\/product\/yoast-seo-wordpress\/ -->\n<title>Eletrautto - AUTOMEX<\/title>\n<meta name=\"robots\" content=\"index, follow, max-snippet:-1, max-image-preview:large, max-video-preview:-1\" \/>\n<link rel=\"canonical\" href=\"https:\/\/automex.si\/avtoelektrika\/\" \/>\n<meta property=\"og:locale\" content=\"it_IT\" \/>\n<meta property=\"og:type\" content=\"article\" \/>\n<meta property=\"og:title\" content=\"Eletrautto - AUTOMEX\" \/>\n<meta property=\"og:description\" content=\"Dalla centralina all&#8217;alternatore, passando per i pi\u00f9 piccoli dettagli, il servizio elettrauto mira a risolvere ogni problematica, siccome da un&#8217;accurata [&hellip;]\" \/>\n<meta property=\"og:url\" content=\"https:\/\/automex.si\/avtoelektrika\/\" \/>\n<meta property=\"og:site_name\" content=\"AUTOMEX\" \/>\n<meta property=\"og:image\" content=\"https:\/\/automex.si\/wp-content\/uploads\/2018\/07\/auto-mex_015-300x200.jpg\" \/>\n<meta name=\"twitter:card\" content=\"summary_large_image\" \/>\n<meta name=\"twitter:label1\" content=\"Tempo di lettura stimato\" \/>\n\t<meta name=\"twitter:data1\" content=\"1 minuto\" \/>\n<script type=\"application\/ld+json\" class=\"yoast-schema-graph\">{\"@context\":\"https:\/\/schema.org\",\"@graph\":[{\"@type\":\"WebPage\",\"@id\":\"https:\/\/automex.si\/avtoelektrika\/\",\"url\":\"https:\/\/automex.si\/avtoelektrika\/\",\"name\":\"Eletrautto - AUTOMEX\",\"isPartOf\":{\"@id\":\"https:\/\/automex.si\/#website\"},\"datePublished\":\"2020-01-19T21:25:13+00:00\",\"breadcrumb\":{\"@id\":\"https:\/\/automex.si\/avtoelektrika\/#breadcrumb\"},\"inLanguage\":\"it-IT\",\"potentialAction\":[{\"@type\":\"ReadAction\",\"target\":[\"https:\/\/automex.si\/avtoelektrika\/\"]}]},{\"@type\":\"BreadcrumbList\",\"@id\":\"https:\/\/automex.si\/avtoelektrika\/#breadcrumb\",\"itemListElement\":[{\"@type\":\"ListItem\",\"position\":1,\"name\":\"Home\",\"item\":\"https:\/\/automex.si\/\"},{\"@type\":\"ListItem\",\"position\":2,\"name\":\"Eletrautto\"}]},{\"@type\":\"WebSite\",\"@id\":\"https:\/\/automex.si\/#website\",\"url\":\"https:\/\/automex.si\/\",\"name\":\"AUTOMEX\",\"description\":\"Avtoservis\",\"publisher\":{\"@id\":\"https:\/\/automex.si\/#organization\"},\"potentialAction\":[{\"@type\":\"SearchAction\",\"target\":{\"@type\":\"EntryPoint\",\"urlTemplate\":\"https:\/\/automex.si\/?s={search_term_string}\"},\"query-input\":{\"@type\":\"PropertyValueSpecification\",\"valueRequired\":true,\"valueName\":\"search_term_string\"}}],\"inLanguage\":\"it-IT\"},{\"@type\":\"Organization\",\"@id\":\"https:\/\/automex.si\/#organization\",\"name\":\"AUTOMEX\",\"url\":\"https:\/\/automex.si\/\",\"logo\":{\"@type\":\"ImageObject\",\"inLanguage\":\"it-IT\",\"@id\":\"https:\/\/automex.si\/#\/schema\/logo\/image\/\",\"url\":\"https:\/\/automex.si\/wp-content\/uploads\/2018\/02\/logo_spletna_stran1.png\",\"contentUrl\":\"https:\/\/automex.si\/wp-content\/uploads\/2018\/02\/logo_spletna_stran1.png\",\"width\":200,\"height\":64,\"caption\":\"AUTOMEX\"},\"image\":{\"@id\":\"https:\/\/automex.si\/#\/schema\/logo\/image\/\"}}]}<\/script>\n<!-- \/ Yoast SEO plugin. -->","yoast_head_json":{"title":"Eletrautto - AUTOMEX","robots":{"index":"index","follow":"follow","max-snippet":"max-snippet:-1","max-image-preview":"max-image-preview:large","max-video-preview":"max-video-preview:-1"},"canonical":"https:\/\/automex.si\/avtoelektrika\/","og_locale":"it_IT","og_type":"article","og_title":"Eletrautto - AUTOMEX","og_description":"Dalla centralina all&#8217;alternatore, passando per i pi\u00f9 piccoli dettagli, il servizio elettrauto mira a risolvere ogni problematica, siccome da un&#8217;accurata [&hellip;]","og_url":"https:\/\/automex.si\/avtoelektrika\/","og_site_name":"AUTOMEX","og_image":[{"url":"https:\/\/automex.si\/wp-content\/uploads\/2018\/07\/auto-mex_015-300x200.jpg","type":"","width":"","height":""}],"twitter_card":"summary_large_image","twitter_misc":{"Tempo di lettura stimato":"1 minuto"},"schema":{"@context":"https:\/\/schema.org","@graph":[{"@type":"WebPage","@id":"https:\/\/automex.si\/avtoelektrika\/","url":"https:\/\/automex.si\/avtoelektrika\/","name":"Eletrautto - AUTOMEX","isPartOf":{"@id":"https:\/\/automex.si\/#website"},"datePublished":"2020-01-19T21:25:13+00:00","breadcrumb":{"@id":"https:\/\/automex.si\/avtoelektrika\/#breadcrumb"},"inLanguage":"it-IT","potentialAction":[{"@type":"ReadAction","target":["https:\/\/automex.si\/avtoelektrika\/"]}]},{"@type":"BreadcrumbList","@id":"https:\/\/automex.si\/avtoelektrika\/#breadcrumb","itemListElement":[{"@type":"ListItem","position":1,"name":"Home","item":"https:\/\/automex.si\/"},{"@type":"ListItem","position":2,"name":"Eletrautto"}]},{"@type":"WebSite","@id":"https:\/\/automex.si\/#website","url":"https:\/\/automex.si\/","name":"AUTOMEX","description":"Avtoservis","publisher":{"@id":"https:\/\/automex.si\/#organization"},"potentialAction":[{"@type":"SearchAction","target":{"@type":"EntryPoint","urlTemplate":"https:\/\/automex.si\/?s={search_term_string}"},"query-input":{"@type":"PropertyValueSpecification","valueRequired":true,"valueName":"search_term_string"}}],"inLanguage":"it-IT"},{"@type":"Organization","@id":"https:\/\/automex.si\/#organization","name":"AUTOMEX","url":"https:\/\/automex.si\/","logo":{"@type":"ImageObject","inLanguage":"it-IT","@id":"https:\/\/automex.si\/#\/schema\/logo\/image\/","url":"https:\/\/automex.si\/wp-content\/uploads\/2018\/02\/logo_spletna_stran1.png","contentUrl":"https:\/\/automex.si\/wp-content\/uploads\/2018\/02\/logo_spletna_stran1.png","width":200,"height":64,"caption":"AUTOMEX"},"image":{"@id":"https:\/\/automex.si\/#\/schema\/logo\/image\/"}}]}},"_links":{"self":[{"href":"https:\/\/automex.si\/it\/wp-json\/wp\/v2\/pages\/2809","targetHints":{"allow":["GET"]}}],"collection":[{"href":"https:\/\/automex.si\/it\/wp-json\/wp\/v2\/pages"}],"about":[{"href":"https:\/\/automex.si\/it\/wp-json\/wp\/v2\/types\/page"}],"author":[{"embeddable":true,"href":"https:\/\/automex.si\/it\/wp-json\/wp\/v2\/users\/1"}],"replies":[{"embeddable":true,"href":"https:\/\/automex.si\/it\/wp-json\/wp\/v2\/comments?post=2809"}],"version-history":[{"count":2,"href":"https:\/\/automex.si\/it\/wp-json\/wp\/v2\/pages\/2809\/revisions"}],"predecessor-version":[{"id":2811,"href":"https:\/\/automex.si\/it\/wp-json\/wp\/v2\/pages\/2809\/revisions\/2811"}],"wp:attachment":[{"href":"https:\/\/automex.si\/it\/wp-json\/wp\/v2\/media?parent=2809"}],"curies":[{"name":"wp","href":"https:\/\/api.w.org\/{rel}","templated":true}]}}