{"id":2815,"date":"2020-01-19T21:36:05","date_gmt":"2020-01-19T21:36:05","guid":{"rendered":"https:\/\/automex.si\/?page_id=2815"},"modified":"2020-01-19T21:36:05","modified_gmt":"2020-01-19T21:36:05","slug":"ottimizzazione","status":"publish","type":"page","link":"https:\/\/automex.si\/it\/ottimizzazione\/","title":{"rendered":"Ottimizzazione"},"content":{"rendered":"<h4><strong>DPF<\/strong><\/h4>\n<p>Il filtro antiparticolato \u00e8 stato introdotto nel 2000 in Europa, a causa dell\u2019elevato numero di automobili diesel prodotte in questo mercato. Si tratta di un dispositivo di post-trattamento dei gas di scarico presente oggi su tutte le vetture diesel Euro 4 e successive. La sua funzione e di ridurre le emissioni di tutti i residui microscopici derivati dalla combustione del gasolio. Come per tutti i filtri, che svolgono una funzione fondamentale all\u2019interno della propria automobile, \u00e8 bene conoscerne il funzionamento e occuparsi della manutenzione periodica. La noncuranza potrebbe compromettere il motore. All\u2019interno del filtro antiparticolato \u00e8 presente un elemento filtrante con canali e celle che trattengono il particolato in una camera di combustione, per poi eliminarle durante la fase di rigenerazione. La rigenerazione, che dura 2-3 minuti, avviene in automatico in base alla quantit\u00e0 di particolato catturato dal filtro. Quando il filtro antiparticolato deve essere rigenerato, si accende la spia service. \u00a0Perch\u00e8 succede questo:<\/p>\n<ul>\n<li>per colpa del profilo di guida del cliente (percorsi brevi o con frequenti spegnimenti motore)<\/li>\n<li>perch\u00e9 il filtro DPF \u00e8 intasato<\/li>\n<li>danni meccanici o rottura della catena di distribuzione<\/li>\n<li>elaborazione del motore non professionale<\/li>\n<\/ul>\n<p>La pulizia periodica \u00e8 fondamentale, si tratta di un filtro, quindi \u00e8 normale che si intasi; i segnali del malfunzionamento possono essere cali di potenza dell\u2019auto o aumento dei consumi. Ad un certo punto occorrer\u00e0 sostituire il filtro antiparticolato, perch\u00e9 dopo continue procedure di pulizia non ritorna pi\u00f9 ad uno stato ottimale, anzi la sua usura progredisce pi\u00f9 rapidamente.<\/p>\n<p>In pratica sono emerse varie scorciatoie inadeguate alla rimessa in funzione del veicolo, come la perforazione del filtro, interruzione delle luci di avvertimento e simili &#8220;soluzioni rapide&#8221; che impediscono il corretto funzionamento del veicolo e causano danni ai sistemi dipendenti dal filtro antiparticolato. Perci\u00f2 nella nostra officina abbiamo sviluppato una soluzione completa per le parti rimosse del filtro antiparticolato che aiuta a far funzionare la macchina in modo giusto.<\/p>\n<div id='gallery-1' class='gallery galleryid-2815 gallery-columns-4 gallery-size-medium'><figure class='gallery-item'>\n\t\t\t<div class='gallery-icon landscape'>\n\t\t\t\t<a href='https:\/\/automex.si\/wp-content\/uploads\/2018\/07\/TFP_0335.jpg' title=\"\" data-rl_title=\"\" class=\"rl-gallery-link\" data-rl_caption=\"\" data-rel=\"lightbox-gallery-1\"><img loading=\"lazy\" decoding=\"async\" width=\"300\" height=\"200\" src=\"https:\/\/automex.si\/wp-content\/uploads\/2018\/07\/TFP_0335-300x200.jpg\" class=\"attachment-medium size-medium\" alt=\"\" srcset=\"https:\/\/automex.si\/wp-content\/uploads\/2018\/07\/TFP_0335-300x200.jpg 300w, https:\/\/automex.si\/wp-content\/uploads\/2018\/07\/TFP_0335-768x513.jpg 768w, https:\/\/automex.si\/wp-content\/uploads\/2018\/07\/TFP_0335-1024x684.jpg 1024w, https:\/\/automex.si\/wp-content\/uploads\/2018\/07\/TFP_0335-272x182.jpg 272w, https:\/\/automex.si\/wp-content\/uploads\/2018\/07\/TFP_0335.jpg 1498w\" sizes=\"auto, (max-width: 300px) 100vw, 300px\" \/><\/a>\n\t\t\t<\/div><\/figure><figure class='gallery-item'>\n\t\t\t<div class='gallery-icon landscape'>\n\t\t\t\t<a href='https:\/\/automex.si\/wp-content\/uploads\/2018\/07\/DSC06951.jpg' title=\"\" data-rl_title=\"\" class=\"rl-gallery-link\" data-rl_caption=\"\" data-rel=\"lightbox-gallery-1\"><img loading=\"lazy\" decoding=\"async\" width=\"300\" height=\"225\" src=\"https:\/\/automex.si\/wp-content\/uploads\/2018\/07\/DSC06951-300x225.jpg\" class=\"attachment-medium size-medium\" alt=\"\" srcset=\"https:\/\/automex.si\/wp-content\/uploads\/2018\/07\/DSC06951-300x225.jpg 300w, https:\/\/automex.si\/wp-content\/uploads\/2018\/07\/DSC06951-768x576.jpg 768w, https:\/\/automex.si\/wp-content\/uploads\/2018\/07\/DSC06951-1024x768.jpg 1024w, https:\/\/automex.si\/wp-content\/uploads\/2018\/07\/DSC06951.jpg 1333w\" sizes=\"auto, (max-width: 300px) 100vw, 300px\" \/><\/a>\n\t\t\t<\/div><\/figure><figure class='gallery-item'>\n\t\t\t<div class='gallery-icon landscape'>\n\t\t\t\t<a href='https:\/\/automex.si\/wp-content\/uploads\/2018\/07\/DSC06936-1.jpg' title=\"\" data-rl_title=\"\" class=\"rl-gallery-link\" data-rl_caption=\"\" data-rel=\"lightbox-gallery-1\"><img loading=\"lazy\" decoding=\"async\" width=\"300\" height=\"225\" src=\"https:\/\/automex.si\/wp-content\/uploads\/2018\/07\/DSC06936-1-300x225.jpg\" class=\"attachment-medium size-medium\" alt=\"\" srcset=\"https:\/\/automex.si\/wp-content\/uploads\/2018\/07\/DSC06936-1-300x225.jpg 300w, https:\/\/automex.si\/wp-content\/uploads\/2018\/07\/DSC06936-1-768x576.jpg 768w, https:\/\/automex.si\/wp-content\/uploads\/2018\/07\/DSC06936-1-1024x768.jpg 1024w, https:\/\/automex.si\/wp-content\/uploads\/2018\/07\/DSC06936-1.jpg 1333w\" sizes=\"auto, (max-width: 300px) 100vw, 300px\" \/><\/a>\n\t\t\t<\/div><\/figure><figure class='gallery-item'>\n\t\t\t<div class='gallery-icon landscape'>\n\t\t\t\t<a href='https:\/\/automex.si\/wp-content\/uploads\/2018\/07\/auto-mex_036.jpg' title=\"\" data-rl_title=\"\" class=\"rl-gallery-link\" data-rl_caption=\"\" data-rel=\"lightbox-gallery-1\"><img loading=\"lazy\" decoding=\"async\" width=\"300\" height=\"200\" src=\"https:\/\/automex.si\/wp-content\/uploads\/2018\/07\/auto-mex_036-300x200.jpg\" class=\"attachment-medium size-medium\" alt=\"\" srcset=\"https:\/\/automex.si\/wp-content\/uploads\/2018\/07\/auto-mex_036-300x200.jpg 300w, https:\/\/automex.si\/wp-content\/uploads\/2018\/07\/auto-mex_036-768x512.jpg 768w, https:\/\/automex.si\/wp-content\/uploads\/2018\/07\/auto-mex_036-1024x683.jpg 1024w, https:\/\/automex.si\/wp-content\/uploads\/2018\/07\/auto-mex_036-272x182.jpg 272w, https:\/\/automex.si\/wp-content\/uploads\/2018\/07\/auto-mex_036.jpg 1500w\" sizes=\"auto, (max-width: 300px) 100vw, 300px\" \/><\/a>\n\t\t\t<\/div><\/figure>\n\t\t<\/div>\n\n<p>&nbsp;<\/p>\n<h4><strong>EGR:<\/strong><\/h4>\n<p>La valvola EGR \u00e8 un piccolo ma allo stesso tempo fondamentale elemento nei motori di nuova generazione. Questa valvola serve per abbattere quanto pi\u00f9 possibile quelle che sono le emissioni inquinanti dell\u2019autoveicolo.<\/p>\n<p>La valvola egr rotta pu\u00f2 essere la conseguenza di una cattiva manutenzione. Infatti la valvola tende a sporcarsi frequentemente a causa del suo stretto contatto con i gas di scarico.<\/p>\n<p>I primi sintomi di malfunzionamento possono essere molteplici e colpiscono direttamente il<a href=\"http:\/\/www.drivemag.it\/comefare\/perdite-olio-motore-auto-cause-rimedi.htm\"> motore<\/a>. Questi problemi possono essere rilevati direttamente dalla spia gialla di \u201ccontrollo avaria motore\u201d. Quando una valvola EGR e guasta \u00a0potete notare la potenza ridotta in accelerazione, la scarsa propensione allo scatto, inoltre non permette il ricircolo dei gas di scarico, causando un aumento delle emissioni di sostanze inquinanti della vettura.<\/p>\n<div id='gallery-2' class='gallery galleryid-2815 gallery-columns-4 gallery-size-medium'><figure class='gallery-item'>\n\t\t\t<div class='gallery-icon landscape'>\n\t\t\t\t<a href='https:\/\/automex.si\/wp-content\/uploads\/2018\/07\/auto-mex_151.jpg' title=\"\" data-rl_title=\"\" class=\"rl-gallery-link\" data-rl_caption=\"\" data-rel=\"lightbox-gallery-2\"><img loading=\"lazy\" decoding=\"async\" width=\"300\" height=\"200\" src=\"https:\/\/automex.si\/wp-content\/uploads\/2018\/07\/auto-mex_151-300x200.jpg\" class=\"attachment-medium size-medium\" alt=\"\" srcset=\"https:\/\/automex.si\/wp-content\/uploads\/2018\/07\/auto-mex_151-300x200.jpg 300w, https:\/\/automex.si\/wp-content\/uploads\/2018\/07\/auto-mex_151-768x512.jpg 768w, https:\/\/automex.si\/wp-content\/uploads\/2018\/07\/auto-mex_151-1024x683.jpg 1024w, https:\/\/automex.si\/wp-content\/uploads\/2018\/07\/auto-mex_151-272x182.jpg 272w, https:\/\/automex.si\/wp-content\/uploads\/2018\/07\/auto-mex_151.jpg 1500w\" sizes=\"auto, (max-width: 300px) 100vw, 300px\" \/><\/a>\n\t\t\t<\/div><\/figure><figure class='gallery-item'>\n\t\t\t<div class='gallery-icon landscape'>\n\t\t\t\t<a href='https:\/\/automex.si\/wp-content\/uploads\/2018\/07\/auto-mex_155.jpg' title=\"\" data-rl_title=\"\" class=\"rl-gallery-link\" data-rl_caption=\"\" data-rel=\"lightbox-gallery-2\"><img loading=\"lazy\" decoding=\"async\" width=\"300\" height=\"200\" src=\"https:\/\/automex.si\/wp-content\/uploads\/2018\/07\/auto-mex_155-300x200.jpg\" class=\"attachment-medium size-medium\" alt=\"\" srcset=\"https:\/\/automex.si\/wp-content\/uploads\/2018\/07\/auto-mex_155-300x200.jpg 300w, https:\/\/automex.si\/wp-content\/uploads\/2018\/07\/auto-mex_155-768x512.jpg 768w, https:\/\/automex.si\/wp-content\/uploads\/2018\/07\/auto-mex_155-1024x683.jpg 1024w, https:\/\/automex.si\/wp-content\/uploads\/2018\/07\/auto-mex_155-272x182.jpg 272w, https:\/\/automex.si\/wp-content\/uploads\/2018\/07\/auto-mex_155.jpg 1500w\" sizes=\"auto, (max-width: 300px) 100vw, 300px\" \/><\/a>\n\t\t\t<\/div><\/figure>\n\t\t<\/div>\n\n<p>&nbsp;<\/p>\n<p><strong>Valvole swift flap: <\/strong><\/p>\n<p>Sono le valvole, comunemente chiamate &#8220;a farfalla&#8221;.<\/p>\n<p>Perch\u00e8 abbiamo le swirl?<\/p>\n<p>Essendo il collettore d&#8217;aspirazione a &#8220;due vie&#8221;, la centralina comanda l&#8217;apertura della seconda via per aumentare la turbolenza di entrata nella camera di combustione. La swirl non \u00e8 tutto oro quel che luccica. Perch\u00e8? Capita a volte che queste palette, per via della sporcizia dei gas incombusti dirottati dall&#8217;EGR e dal recupero vapori olio, si imbrattano fino a bloccarsi o addirittura staccarsi, finendo in camera di combustione, provocando danni gravi al motore.<br \/>\nAltro problema di distacco, quando l&#8217;asta comandante, cui ogni swirl \u00e8 agganciata ad essa a movimento oscillante per l&#8217;apertura e chiusura, pu\u00f2 divincolarsi e liberare le valvole.<\/p>\n<div id='gallery-3' class='gallery galleryid-2815 gallery-columns-4 gallery-size-medium'><figure class='gallery-item'>\n\t\t\t<div class='gallery-icon landscape'>\n\t\t\t\t<a href='https:\/\/automex.si\/wp-content\/uploads\/2018\/07\/TFP_0371-1.jpg' title=\"\" data-rl_title=\"\" class=\"rl-gallery-link\" data-rl_caption=\"\" data-rel=\"lightbox-gallery-3\"><img loading=\"lazy\" decoding=\"async\" width=\"300\" height=\"200\" src=\"https:\/\/automex.si\/wp-content\/uploads\/2018\/07\/TFP_0371-1-300x200.jpg\" class=\"attachment-medium size-medium\" alt=\"\" srcset=\"https:\/\/automex.si\/wp-content\/uploads\/2018\/07\/TFP_0371-1-300x200.jpg 300w, https:\/\/automex.si\/wp-content\/uploads\/2018\/07\/TFP_0371-1-768x513.jpg 768w, https:\/\/automex.si\/wp-content\/uploads\/2018\/07\/TFP_0371-1-1024x684.jpg 1024w, https:\/\/automex.si\/wp-content\/uploads\/2018\/07\/TFP_0371-1-272x182.jpg 272w, https:\/\/automex.si\/wp-content\/uploads\/2018\/07\/TFP_0371-1.jpg 1498w\" sizes=\"auto, (max-width: 300px) 100vw, 300px\" \/><\/a>\n\t\t\t<\/div><\/figure>\n\t\t<\/div>\n\n<p>&nbsp;<\/p>\n<h4>Modulo hot start:<\/h4>\n<p>Con questo modulo di semplice applicazione si risolve il problema della messa in moto.<br \/>\nSi s\u00e0 che in molti TD (esempio Vw, BMW, AUDI e Skoda) a motore caldo, c&#8217;\u00e8 fatica di avviamento specie dopo una sosta di 10\/15 minuti. Con il modulo aumentiamo la portata di gasolio in fase di avviamento, utilizzando il trimer si registra la quantit\u00e0 da iniettare in base alla gravit\u00e0 del problema. E&#8217; inutile tentare di sostituire la batteria aumentando l&#8217;amperaggio o montare motorini di avviamento rinforzati. In questi casi, si avranno solo dei lievi miglioramenti, ma senza una soluzione definitiva del problema.<\/p>\n<p>Il nocciolo del problema risiede non\u00a0 nel malfunzionamento delle singole componenti, ma soprattutto nel sistema che controlla queste unit\u00e0. Nella nostra officina ti offriamo\u00a0 una correzione programmata dell&#8217;errore nel controller, che davvero funziona .<\/p>\n<div id='gallery-4' class='gallery galleryid-2815 gallery-columns-4 gallery-size-medium'><figure class='gallery-item'>\n\t\t\t<div class='gallery-icon landscape'>\n\t\t\t\t<a href='https:\/\/automex.si\/wp-content\/uploads\/2018\/07\/TFP_0252.jpg' title=\"\" data-rl_title=\"\" class=\"rl-gallery-link\" data-rl_caption=\"\" data-rel=\"lightbox-gallery-4\"><img loading=\"lazy\" decoding=\"async\" width=\"300\" height=\"200\" src=\"https:\/\/automex.si\/wp-content\/uploads\/2018\/07\/TFP_0252-300x200.jpg\" class=\"attachment-medium size-medium\" alt=\"\" srcset=\"https:\/\/automex.si\/wp-content\/uploads\/2018\/07\/TFP_0252-300x200.jpg 300w, https:\/\/automex.si\/wp-content\/uploads\/2018\/07\/TFP_0252-768x513.jpg 768w, https:\/\/automex.si\/wp-content\/uploads\/2018\/07\/TFP_0252-1024x684.jpg 1024w, https:\/\/automex.si\/wp-content\/uploads\/2018\/07\/TFP_0252-272x182.jpg 272w, https:\/\/automex.si\/wp-content\/uploads\/2018\/07\/TFP_0252.jpg 1498w\" sizes=\"auto, (max-width: 300px) 100vw, 300px\" \/><\/a>\n\t\t\t<\/div><\/figure>\n\t\t<\/div>\n\n<p><strong>\u00a0<\/strong><\/p>\n<h4><strong>Tuning<\/strong><\/h4>\n<p>Per ulteriori informazioni\u00a0 per favore contattateci al numero 051-232-055.<\/p>\n<div id='gallery-5' class='gallery galleryid-2815 gallery-columns-4 gallery-size-medium'><figure class='gallery-item'>\n\t\t\t<div class='gallery-icon landscape'>\n\t\t\t\t<a href='https:\/\/automex.si\/wp-content\/uploads\/2018\/07\/TFP_0265.jpg' title=\"\" data-rl_title=\"\" class=\"rl-gallery-link\" data-rl_caption=\"\" data-rel=\"lightbox-gallery-5\"><img loading=\"lazy\" decoding=\"async\" width=\"300\" height=\"200\" src=\"https:\/\/automex.si\/wp-content\/uploads\/2018\/07\/TFP_0265-300x200.jpg\" class=\"attachment-medium size-medium\" alt=\"\" srcset=\"https:\/\/automex.si\/wp-content\/uploads\/2018\/07\/TFP_0265-300x200.jpg 300w, https:\/\/automex.si\/wp-content\/uploads\/2018\/07\/TFP_0265-768x513.jpg 768w, https:\/\/automex.si\/wp-content\/uploads\/2018\/07\/TFP_0265-1024x684.jpg 1024w, https:\/\/automex.si\/wp-content\/uploads\/2018\/07\/TFP_0265-272x182.jpg 272w, https:\/\/automex.si\/wp-content\/uploads\/2018\/07\/TFP_0265.jpg 1498w\" sizes=\"auto, (max-width: 300px) 100vw, 300px\" \/><\/a>\n\t\t\t<\/div><\/figure><figure class='gallery-item'>\n\t\t\t<div class='gallery-icon landscape'>\n\t\t\t\t<a href='https:\/\/automex.si\/wp-content\/uploads\/2018\/07\/TFP_0387.jpg' title=\"\" data-rl_title=\"\" class=\"rl-gallery-link\" data-rl_caption=\"\" data-rel=\"lightbox-gallery-5\"><img loading=\"lazy\" decoding=\"async\" width=\"300\" height=\"200\" src=\"https:\/\/automex.si\/wp-content\/uploads\/2018\/07\/TFP_0387-300x200.jpg\" class=\"attachment-medium size-medium\" alt=\"\" srcset=\"https:\/\/automex.si\/wp-content\/uploads\/2018\/07\/TFP_0387-300x200.jpg 300w, https:\/\/automex.si\/wp-content\/uploads\/2018\/07\/TFP_0387-768x513.jpg 768w, https:\/\/automex.si\/wp-content\/uploads\/2018\/07\/TFP_0387-1024x684.jpg 1024w, https:\/\/automex.si\/wp-content\/uploads\/2018\/07\/TFP_0387-272x182.jpg 272w, https:\/\/automex.si\/wp-content\/uploads\/2018\/07\/TFP_0387.jpg 1498w\" sizes=\"auto, (max-width: 300px) 100vw, 300px\" \/><\/a>\n\t\t\t<\/div><\/figure>\n\t\t<\/div>\n\n","protected":false},"excerpt":{"rendered":"<p>DPF Il filtro antiparticolato \u00e8 stato introdotto nel 2000 in Europa, a causa dell\u2019elevato numero di automobili diesel prodotte in [&hellip;]<\/p>\n","protected":false},"author":1,"featured_media":0,"parent":0,"menu_order":0,"comment_status":"closed","ping_status":"closed","template":"","meta":{"footnotes":""},"class_list":["post-2815","page","type-page","status-publish","hentry"],"yoast_head":"<!-- This site is optimized with the Yoast SEO plugin v27.2 - https:\/\/yoast.com\/product\/yoast-seo-wordpress\/ -->\n<title>Ottimizzazione - AUTOMEX<\/title>\n<meta name=\"robots\" content=\"index, follow, max-snippet:-1, max-image-preview:large, max-video-preview:-1\" \/>\n<link rel=\"canonical\" href=\"https:\/\/automex.si\/optimizacija-vozil\/\" \/>\n<meta property=\"og:locale\" content=\"it_IT\" \/>\n<meta property=\"og:type\" content=\"article\" \/>\n<meta property=\"og:title\" content=\"Ottimizzazione - AUTOMEX\" \/>\n<meta property=\"og:description\" content=\"DPF Il filtro antiparticolato \u00e8 stato introdotto nel 2000 in Europa, a causa dell\u2019elevato numero di automobili diesel prodotte in [&hellip;]\" \/>\n<meta property=\"og:url\" content=\"https:\/\/automex.si\/optimizacija-vozil\/\" \/>\n<meta property=\"og:site_name\" content=\"AUTOMEX\" \/>\n<meta property=\"og:image\" content=\"https:\/\/automex.si\/wp-content\/uploads\/2018\/07\/TFP_0335-300x200.jpg\" \/>\n<meta name=\"twitter:card\" content=\"summary_large_image\" \/>\n<meta name=\"twitter:label1\" content=\"Tempo di lettura stimato\" \/>\n\t<meta name=\"twitter:data1\" content=\"4 minuti\" \/>\n<script type=\"application\/ld+json\" class=\"yoast-schema-graph\">{\"@context\":\"https:\/\/schema.org\",\"@graph\":[{\"@type\":\"WebPage\",\"@id\":\"https:\/\/automex.si\/optimizacija-vozil\/\",\"url\":\"https:\/\/automex.si\/optimizacija-vozil\/\",\"name\":\"Ottimizzazione - AUTOMEX\",\"isPartOf\":{\"@id\":\"https:\/\/automex.si\/#website\"},\"datePublished\":\"2020-01-19T21:36:05+00:00\",\"breadcrumb\":{\"@id\":\"https:\/\/automex.si\/optimizacija-vozil\/#breadcrumb\"},\"inLanguage\":\"it-IT\",\"potentialAction\":[{\"@type\":\"ReadAction\",\"target\":[\"https:\/\/automex.si\/optimizacija-vozil\/\"]}]},{\"@type\":\"BreadcrumbList\",\"@id\":\"https:\/\/automex.si\/optimizacija-vozil\/#breadcrumb\",\"itemListElement\":[{\"@type\":\"ListItem\",\"position\":1,\"name\":\"Home\",\"item\":\"https:\/\/automex.si\/\"},{\"@type\":\"ListItem\",\"position\":2,\"name\":\"Ottimizzazione\"}]},{\"@type\":\"WebSite\",\"@id\":\"https:\/\/automex.si\/#website\",\"url\":\"https:\/\/automex.si\/\",\"name\":\"AUTOMEX\",\"description\":\"Avtoservis\",\"publisher\":{\"@id\":\"https:\/\/automex.si\/#organization\"},\"potentialAction\":[{\"@type\":\"SearchAction\",\"target\":{\"@type\":\"EntryPoint\",\"urlTemplate\":\"https:\/\/automex.si\/?s={search_term_string}\"},\"query-input\":{\"@type\":\"PropertyValueSpecification\",\"valueRequired\":true,\"valueName\":\"search_term_string\"}}],\"inLanguage\":\"it-IT\"},{\"@type\":\"Organization\",\"@id\":\"https:\/\/automex.si\/#organization\",\"name\":\"AUTOMEX\",\"url\":\"https:\/\/automex.si\/\",\"logo\":{\"@type\":\"ImageObject\",\"inLanguage\":\"it-IT\",\"@id\":\"https:\/\/automex.si\/#\/schema\/logo\/image\/\",\"url\":\"https:\/\/automex.si\/wp-content\/uploads\/2018\/02\/logo_spletna_stran1.png\",\"contentUrl\":\"https:\/\/automex.si\/wp-content\/uploads\/2018\/02\/logo_spletna_stran1.png\",\"width\":200,\"height\":64,\"caption\":\"AUTOMEX\"},\"image\":{\"@id\":\"https:\/\/automex.si\/#\/schema\/logo\/image\/\"}}]}<\/script>\n<!-- \/ Yoast SEO plugin. -->","yoast_head_json":{"title":"Ottimizzazione - AUTOMEX","robots":{"index":"index","follow":"follow","max-snippet":"max-snippet:-1","max-image-preview":"max-image-preview:large","max-video-preview":"max-video-preview:-1"},"canonical":"https:\/\/automex.si\/optimizacija-vozil\/","og_locale":"it_IT","og_type":"article","og_title":"Ottimizzazione - AUTOMEX","og_description":"DPF Il filtro antiparticolato \u00e8 stato introdotto nel 2000 in Europa, a causa dell\u2019elevato numero di automobili diesel prodotte in [&hellip;]","og_url":"https:\/\/automex.si\/optimizacija-vozil\/","og_site_name":"AUTOMEX","og_image":[{"url":"https:\/\/automex.si\/wp-content\/uploads\/2018\/07\/TFP_0335-300x200.jpg","type":"","width":"","height":""}],"twitter_card":"summary_large_image","twitter_misc":{"Tempo di lettura stimato":"4 minuti"},"schema":{"@context":"https:\/\/schema.org","@graph":[{"@type":"WebPage","@id":"https:\/\/automex.si\/optimizacija-vozil\/","url":"https:\/\/automex.si\/optimizacija-vozil\/","name":"Ottimizzazione - AUTOMEX","isPartOf":{"@id":"https:\/\/automex.si\/#website"},"datePublished":"2020-01-19T21:36:05+00:00","breadcrumb":{"@id":"https:\/\/automex.si\/optimizacija-vozil\/#breadcrumb"},"inLanguage":"it-IT","potentialAction":[{"@type":"ReadAction","target":["https:\/\/automex.si\/optimizacija-vozil\/"]}]},{"@type":"BreadcrumbList","@id":"https:\/\/automex.si\/optimizacija-vozil\/#breadcrumb","itemListElement":[{"@type":"ListItem","position":1,"name":"Home","item":"https:\/\/automex.si\/"},{"@type":"ListItem","position":2,"name":"Ottimizzazione"}]},{"@type":"WebSite","@id":"https:\/\/automex.si\/#website","url":"https:\/\/automex.si\/","name":"AUTOMEX","description":"Avtoservis","publisher":{"@id":"https:\/\/automex.si\/#organization"},"potentialAction":[{"@type":"SearchAction","target":{"@type":"EntryPoint","urlTemplate":"https:\/\/automex.si\/?s={search_term_string}"},"query-input":{"@type":"PropertyValueSpecification","valueRequired":true,"valueName":"search_term_string"}}],"inLanguage":"it-IT"},{"@type":"Organization","@id":"https:\/\/automex.si\/#organization","name":"AUTOMEX","url":"https:\/\/automex.si\/","logo":{"@type":"ImageObject","inLanguage":"it-IT","@id":"https:\/\/automex.si\/#\/schema\/logo\/image\/","url":"https:\/\/automex.si\/wp-content\/uploads\/2018\/02\/logo_spletna_stran1.png","contentUrl":"https:\/\/automex.si\/wp-content\/uploads\/2018\/02\/logo_spletna_stran1.png","width":200,"height":64,"caption":"AUTOMEX"},"image":{"@id":"https:\/\/automex.si\/#\/schema\/logo\/image\/"}}]}},"_links":{"self":[{"href":"https:\/\/automex.si\/it\/wp-json\/wp\/v2\/pages\/2815","targetHints":{"allow":["GET"]}}],"collection":[{"href":"https:\/\/automex.si\/it\/wp-json\/wp\/v2\/pages"}],"about":[{"href":"https:\/\/automex.si\/it\/wp-json\/wp\/v2\/types\/page"}],"author":[{"embeddable":true,"href":"https:\/\/automex.si\/it\/wp-json\/wp\/v2\/users\/1"}],"replies":[{"embeddable":true,"href":"https:\/\/automex.si\/it\/wp-json\/wp\/v2\/comments?post=2815"}],"version-history":[{"count":2,"href":"https:\/\/automex.si\/it\/wp-json\/wp\/v2\/pages\/2815\/revisions"}],"predecessor-version":[{"id":2817,"href":"https:\/\/automex.si\/it\/wp-json\/wp\/v2\/pages\/2815\/revisions\/2817"}],"wp:attachment":[{"href":"https:\/\/automex.si\/it\/wp-json\/wp\/v2\/media?parent=2815"}],"curies":[{"name":"wp","href":"https:\/\/api.w.org\/{rel}","templated":true}]}}